{"id":10964,"date":"2025-03-26T16:07:15","date_gmt":"2025-03-26T21:07:15","guid":{"rendered":"https:\/\/www.desire-experience.com\/?page_id=10964"},"modified":"2025-10-01T12:20:23","modified_gmt":"2025-10-01T17:20:23","slug":"ventajas-de-reservar-con-nosotros","status":"publish","type":"page","link":"https:\/\/www.desire-experience.com\/es\/ventajas-de-reservar-con-nosotros\/","title":{"rendered":"VENTAJAS DE RESERVAR CON NOSOTROS"},"content":{"rendered":"\t\t<div data-elementor-type=\"wp-page\" data-elementor-id=\"10964\" class=\"elementor elementor-10964 elementor-10860\" data-elementor-post-type=\"page\">\n\t\t\t\t\t\t<section data-particle_enable=\"false\" data-particle-mobile-disabled=\"false\" class=\"elementor-section elementor-top-section elementor-element elementor-element-6032708 elementor-section-full_width elementor-section-stretched elementor-section-height-min-height elementor-hidden-desktop elementor-hidden-tablet elementor-section-height-default elementor-section-items-middle\" data-id=\"6032708\" data-element_type=\"section\" data-e-type=\"section\" data-settings=\"{&quot;stretch_section&quot;:&quot;section-stretched&quot;,&quot;background_background&quot;:&quot;classic&quot;}\">\n\t\t\t\t\t\t<div class=\"elementor-container elementor-column-gap-no\">\n\t\t\t\t\t<div class=\"elementor-column elementor-col-100 elementor-top-column elementor-element elementor-element-4f484150\" data-id=\"4f484150\" data-element_type=\"column\" data-e-type=\"column\">\n\t\t\t<div class=\"elementor-widget-wrap\">\n\t\t\t\t\t\t\t<\/div>\n\t\t<\/div>\n\t\t\t\t\t<\/div>\n\t\t<\/section>\n\t\t\t\t<section data-particle_enable=\"false\" data-particle-mobile-disabled=\"false\" class=\"elementor-section elementor-top-section elementor-element elementor-element-2309da0 elementor-section-full_width elementor-section-stretched elementor-section-height-default elementor-section-height-default\" data-id=\"2309da0\" data-element_type=\"section\" data-e-type=\"section\" data-settings=\"{&quot;stretch_section&quot;:&quot;section-stretched&quot;}\">\n\t\t\t\t\t\t<div class=\"elementor-container elementor-column-gap-no\">\n\t\t\t\t\t<div class=\"elementor-column elementor-col-100 elementor-top-column elementor-element elementor-element-5d1b1503\" data-id=\"5d1b1503\" data-element_type=\"column\" data-e-type=\"column\">\n\t\t\t<div class=\"elementor-widget-wrap elementor-element-populated\">\n\t\t\t\t\t\t<div class=\"elementor-element elementor-element-c000d36 elementor--h-position-center elementor--v-position-middle elementor-widget elementor-widget-slides\" data-id=\"c000d36\" data-element_type=\"widget\" data-e-type=\"widget\" data-settings=\"{&quot;navigation&quot;:&quot;none&quot;,&quot;infinite&quot;:&quot;yes&quot;,&quot;transition&quot;:&quot;slide&quot;,&quot;transition_speed&quot;:500}\" data-widget_type=\"slides.default\">\n\t\t\t\t<div class=\"elementor-widget-container\">\n\t\t\t\t\t\t\t\t\t<div class=\"elementor-swiper\">\n\t\t\t\t\t<div class=\"elementor-slides-wrapper elementor-main-swiper swiper\" role=\"region\" aria-roledescription=\"carousel\" aria-label=\"Slides\" dir=\"ltr\" data-animation=\"fadeInUp\">\n\t\t\t\t<div class=\"swiper-wrapper elementor-slides\">\n\t\t\t\t\t\t\t\t\t\t<div class=\"elementor-repeater-item-f64d344 swiper-slide\" role=\"group\" aria-roledescription=\"slide\"><div class=\"swiper-slide-bg\" role=\"img\" aria-label=\"benefits-of-booking-with-us\"><\/div><div class=\"swiper-slide-inner\" ><div class=\"swiper-slide-contents\"><\/div><\/div><\/div>\t\t\t\t<\/div>\n\t\t\t\t\t\t\t<\/div>\n\t\t\t\t<\/div>\n\t\t\t\t\t\t\t\t<\/div>\n\t\t\t\t<\/div>\n\t\t\t\t\t<\/div>\n\t\t<\/div>\n\t\t\t\t\t<\/div>\n\t\t<\/section>\n\t\t\t\t<section data-particle_enable=\"false\" data-particle-mobile-disabled=\"false\" class=\"elementor-section elementor-top-section elementor-element elementor-element-759eb6d1 elementor-section-full_width elementor-section-height-default elementor-section-height-default\" data-id=\"759eb6d1\" data-element_type=\"section\" data-e-type=\"section\">\n\t\t\t\t\t\t<div class=\"elementor-container elementor-column-gap-no\">\n\t\t\t\t\t<div class=\"elementor-column elementor-col-100 elementor-top-column elementor-element elementor-element-e885369\" data-id=\"e885369\" data-element_type=\"column\" data-e-type=\"column\">\n\t\t\t<div class=\"elementor-widget-wrap elementor-element-populated\">\n\t\t\t\t\t\t<div class=\"elementor-element elementor-element-5def9196 elementor-absolute elementor-widget elementor-widget-text-editor\" data-id=\"5def9196\" data-element_type=\"widget\" data-e-type=\"widget\" data-settings=\"{&quot;_position&quot;:&quot;absolute&quot;}\" data-widget_type=\"text-editor.default\">\n\t\t\t\t<div class=\"elementor-widget-container\">\n\t\t\t\t\t<div  id=\"resbox-form-0\" class=\"og-resbox-container visible-lg visible-md\" data-type=\"corp\" data-brand=\"desire\" data-params='lang=es&amp;design=responsive'><\/div>\t\t\t\t<\/div>\n\t\t\t\t<\/div>\n\t\t\t\t\t<\/div>\n\t\t<\/div>\n\t\t\t\t\t<\/div>\n\t\t<\/section>\n\t\t<div data-particle_enable=\"false\" data-particle-mobile-disabled=\"false\" class=\"elementor-element elementor-element-1998734d e-flex e-con-boxed e-con e-parent\" data-id=\"1998734d\" data-element_type=\"container\" data-e-type=\"container\">\n\t\t\t\t\t<div class=\"e-con-inner\">\n\t\t\t\t<div class=\"elementor-element elementor-element-3a39ad98 elementor-widget elementor-widget-text-editor\" data-id=\"3a39ad98\" data-element_type=\"widget\" data-e-type=\"widget\" data-widget_type=\"text-editor.default\">\n\t\t\t\t<div class=\"elementor-widget-container\">\n\t\t\t\t\t\t\t\t\t<h1 style=\"text-align: center;\">VENTAJAS DE RESERVAR CON NOSOTROS<\/h1>\t\t\t\t\t\t\t\t<\/div>\n\t\t\t\t<\/div>\n\t\t\t\t<div class=\"elementor-element elementor-element-7f38964 elementor-widget elementor-widget-text-editor\" data-id=\"7f38964\" data-element_type=\"widget\" data-e-type=\"widget\" data-widget_type=\"text-editor.default\">\n\t\t\t\t<div class=\"elementor-widget-container\">\n\t\t\t\t\t\t\t\t\t<p style=\"text-align: center;\">Explora las 6 principales razones para reservar Desire Resorts directamente.<br \/>\u00a1Hacemos que viajar no solo sea f\u00e1cil, sino \u00fanico!<\/p>\t\t\t\t\t\t\t\t<\/div>\n\t\t\t\t<\/div>\n\t\t\t\t\t<\/div>\n\t\t\t\t<\/div>\n\t\t<div data-particle_enable=\"false\" data-particle-mobile-disabled=\"false\" class=\"elementor-element elementor-element-4941fdc4 e-flex e-con-boxed e-con e-parent\" data-id=\"4941fdc4\" data-element_type=\"container\" data-e-type=\"container\">\n\t\t\t\t\t<div class=\"e-con-inner\">\n\t\t<div data-particle_enable=\"false\" data-particle-mobile-disabled=\"false\" class=\"elementor-element elementor-element-242e44c0 e-con-full e-flex e-con e-child\" data-id=\"242e44c0\" data-element_type=\"container\" data-e-type=\"container\" data-settings=\"{&quot;background_background&quot;:&quot;classic&quot;}\">\n\t\t<div data-particle_enable=\"false\" data-particle-mobile-disabled=\"false\" class=\"elementor-element elementor-element-3123fdb3 e-con-full e-flex e-con e-child\" data-id=\"3123fdb3\" data-element_type=\"container\" data-e-type=\"container\">\n\t\t\t\t<div class=\"elementor-element elementor-element-7e2019b4 elementor-widget__width-inherit elementor-widget elementor-widget-image\" data-id=\"7e2019b4\" data-element_type=\"widget\" data-e-type=\"widget\" data-widget_type=\"image.default\">\n\t\t\t\t<div class=\"elementor-widget-container\">\n\t\t\t\t\t\t\t\t\t\t\t\t\t\t\t<img fetchpriority=\"high\" decoding=\"async\" width=\"1200\" height=\"800\" src=\"https:\/\/cdn.desire-experience.com\/wp-content\/dexperience\/uploads\/2025\/03\/17171034\/exp_icono1_ESP.png\" class=\"attachment-full size-full wp-image-10969\" alt=\"\" \/>\t\t\t\t\t\t\t\t\t\t\t\t\t\t\t<\/div>\n\t\t\t\t<\/div>\n\t\t\t\t<\/div>\n\t\t<div data-particle_enable=\"false\" data-particle-mobile-disabled=\"false\" class=\"elementor-element elementor-element-464ab26b e-con-full e-flex e-con e-child\" data-id=\"464ab26b\" data-element_type=\"container\" data-e-type=\"container\">\n\t\t\t\t<div class=\"elementor-element elementor-element-5017d0c4 elementor-widget__width-inherit elementor-widget elementor-widget-text-editor\" data-id=\"5017d0c4\" data-element_type=\"widget\" data-e-type=\"widget\" data-widget_type=\"text-editor.default\">\n\t\t\t\t<div class=\"elementor-widget-container\">\n\t\t\t\t\t\t\t\t\t<p><span style=\"font-weight: 400;\"><span style=\"color: #cba052;\">\u00a1Consigue siempre la mejor oferta!<\/span> Reserva a trav\u00e9s de nuestro sitio web, centro de atenci\u00f3n a clientes o redes sociales, y te garantizamos el mejor precio. \u00bfEncontraste un precio m\u00e1s bajo en otro lugar? Cont\u00e1ctanos, \u00a1y lo igualamos!*<\/span><\/p>\t\t\t\t\t\t\t\t<\/div>\n\t\t\t\t<\/div>\n\t\t\t\t<\/div>\n\t\t\t\t<\/div>\n\t\t<div data-particle_enable=\"false\" data-particle-mobile-disabled=\"false\" class=\"elementor-element elementor-element-349e0e48 e-con-full e-flex e-con e-child\" data-id=\"349e0e48\" data-element_type=\"container\" data-e-type=\"container\">\n\t\t<div data-particle_enable=\"false\" data-particle-mobile-disabled=\"false\" class=\"elementor-element elementor-element-22015f67 e-con-full e-flex e-con e-child\" data-id=\"22015f67\" data-element_type=\"container\" data-e-type=\"container\">\n\t\t\t\t<div class=\"elementor-element elementor-element-1af2d54b elementor-widget__width-inherit elementor-widget elementor-widget-image\" data-id=\"1af2d54b\" data-element_type=\"widget\" data-e-type=\"widget\" data-widget_type=\"image.default\">\n\t\t\t\t<div class=\"elementor-widget-container\">\n\t\t\t\t\t\t\t\t\t\t\t\t\t\t\t<img decoding=\"async\" width=\"1200\" height=\"800\" src=\"https:\/\/cdn.desire-experience.com\/wp-content\/dexperience\/uploads\/2025\/03\/17171059\/exp_icono6_ESP.png\" class=\"attachment-full size-full wp-image-10979\" alt=\"\" \/>\t\t\t\t\t\t\t\t\t\t\t\t\t\t\t<\/div>\n\t\t\t\t<\/div>\n\t\t\t\t<\/div>\n\t\t<div data-particle_enable=\"false\" data-particle-mobile-disabled=\"false\" class=\"elementor-element elementor-element-3da9cabf e-con-full e-flex e-con e-child\" data-id=\"3da9cabf\" data-element_type=\"container\" data-e-type=\"container\">\n\t\t\t\t<div class=\"elementor-element elementor-element-4fd50d81 elementor-widget__width-inherit elementor-widget elementor-widget-text-editor\" data-id=\"4fd50d81\" data-element_type=\"widget\" data-e-type=\"widget\" data-widget_type=\"text-editor.default\">\n\t\t\t\t<div class=\"elementor-widget-container\">\n\t\t\t\t\t\t\t\t\t<p>\u00danete a nuestro programa de lealtad <a href=\"https:\/\/www.desire-experience.com\/es\/stay-play-programa-de-lealtad\/\">Stay &amp; Play<\/a> para recibir <strong>5% DE REEMBOLSO<\/strong>\u00a0en cada reserva. \u00a1Tus vacaciones con beneficios incre\u00edbles!*<\/p>\t\t\t\t\t\t\t\t<\/div>\n\t\t\t\t<\/div>\n\t\t\t\t<\/div>\n\t\t\t\t<\/div>\n\t\t\t\t\t<\/div>\n\t\t\t\t<\/div>\n\t\t<div data-particle_enable=\"false\" data-particle-mobile-disabled=\"false\" class=\"elementor-element elementor-element-561c415c e-flex e-con-boxed e-con e-parent\" data-id=\"561c415c\" data-element_type=\"container\" data-e-type=\"container\">\n\t\t\t\t\t<div class=\"e-con-inner\">\n\t\t<div data-particle_enable=\"false\" data-particle-mobile-disabled=\"false\" class=\"elementor-element elementor-element-310dd7ec e-con-full e-flex e-con e-child\" data-id=\"310dd7ec\" data-element_type=\"container\" data-e-type=\"container\">\n\t\t<div data-particle_enable=\"false\" data-particle-mobile-disabled=\"false\" class=\"elementor-element elementor-element-33859476 e-con-full e-flex e-con e-child\" data-id=\"33859476\" data-element_type=\"container\" data-e-type=\"container\">\n\t\t\t\t<div class=\"elementor-element elementor-element-486835b7 elementor-widget__width-inherit elementor-widget elementor-widget-image\" data-id=\"486835b7\" data-element_type=\"widget\" data-e-type=\"widget\" data-widget_type=\"image.default\">\n\t\t\t\t<div class=\"elementor-widget-container\">\n\t\t\t\t\t\t\t\t\t\t\t\t\t\t\t<img decoding=\"async\" width=\"1200\" height=\"800\" src=\"https:\/\/cdn.desire-experience.com\/wp-content\/dexperience\/uploads\/2025\/03\/17171054\/exp_icono5_ESP.png\" class=\"attachment-full size-full wp-image-10977\" alt=\"\" \/>\t\t\t\t\t\t\t\t\t\t\t\t\t\t\t<\/div>\n\t\t\t\t<\/div>\n\t\t\t\t<\/div>\n\t\t<div data-particle_enable=\"false\" data-particle-mobile-disabled=\"false\" class=\"elementor-element elementor-element-73ad6802 e-con-full e-flex e-con e-child\" data-id=\"73ad6802\" data-element_type=\"container\" data-e-type=\"container\">\n\t\t\t\t<div class=\"elementor-element elementor-element-6506d8fa elementor-widget__width-inherit elementor-widget elementor-widget-text-editor\" data-id=\"6506d8fa\" data-element_type=\"widget\" data-e-type=\"widget\" data-widget_type=\"text-editor.default\">\n\t\t\t\t<div class=\"elementor-widget-container\">\n\t\t\t\t\t\t\t\t\t<p>\u00a1Tus planes de viaje ahora son a\u00fan m\u00e1s flexibles! <span style=\"color: #cba052;\">C\u00e1mbialos sin problemas, o cancela gratis<\/span> hasta 7 d\u00edas antes de tu llegada, simplemente contactando a nuestro centro de atenci\u00f3n a clientes.*<\/p>\t\t\t\t\t\t\t\t<\/div>\n\t\t\t\t<\/div>\n\t\t\t\t<\/div>\n\t\t\t\t<\/div>\n\t\t<div data-particle_enable=\"false\" data-particle-mobile-disabled=\"false\" class=\"elementor-element elementor-element-2bc830d2 e-con-full e-flex e-con e-child\" data-id=\"2bc830d2\" data-element_type=\"container\" data-e-type=\"container\" data-settings=\"{&quot;background_background&quot;:&quot;classic&quot;}\">\n\t\t<div data-particle_enable=\"false\" data-particle-mobile-disabled=\"false\" class=\"elementor-element elementor-element-4424e347 e-con-full e-flex e-con e-child\" data-id=\"4424e347\" data-element_type=\"container\" data-e-type=\"container\">\n\t\t\t\t<div class=\"elementor-element elementor-element-6d538a17 elementor-widget__width-inherit elementor-widget elementor-widget-image\" data-id=\"6d538a17\" data-element_type=\"widget\" data-e-type=\"widget\" data-widget_type=\"image.default\">\n\t\t\t\t<div class=\"elementor-widget-container\">\n\t\t\t\t\t\t\t\t\t\t\t\t\t\t\t<img loading=\"lazy\" decoding=\"async\" width=\"1200\" height=\"800\" src=\"https:\/\/cdn.desire-experience.com\/wp-content\/dexperience\/uploads\/2025\/03\/17171049\/exp_icono4_ESP.png\" class=\"attachment-full size-full wp-image-10975\" alt=\"\" \/>\t\t\t\t\t\t\t\t\t\t\t\t\t\t\t<\/div>\n\t\t\t\t<\/div>\n\t\t\t\t<\/div>\n\t\t<div data-particle_enable=\"false\" data-particle-mobile-disabled=\"false\" class=\"elementor-element elementor-element-57f92fce e-con-full e-flex e-con e-child\" data-id=\"57f92fce\" data-element_type=\"container\" data-e-type=\"container\">\n\t\t\t\t<div class=\"elementor-element elementor-element-1bac5321 elementor-widget__width-inherit elementor-widget elementor-widget-text-editor\" data-id=\"1bac5321\" data-element_type=\"widget\" data-e-type=\"widget\" data-widget_type=\"text-editor.default\">\n\t\t\t\t<div class=\"elementor-widget-container\">\n\t\t\t\t\t\t\t\t\t<p>\u00a1Empieza a disfrutar de beneficios exclusivos desde el momento en que te registres en nuestro programa de lealtad<a href=\"https:\/\/www.desire-experience.com\/es\/stay-play-programa-de-lealtad\/\"><strong> STAY &amp; PLAY<\/strong><\/a>! Recibe descuentos adicionales en tu reserva, en compras durante tu estancia, y mucho m\u00e1s.<\/p>\t\t\t\t\t\t\t\t<\/div>\n\t\t\t\t<\/div>\n\t\t\t\t<\/div>\n\t\t\t\t<\/div>\n\t\t\t\t\t<\/div>\n\t\t\t\t<\/div>\n\t\t<div data-particle_enable=\"false\" data-particle-mobile-disabled=\"false\" class=\"elementor-element elementor-element-68fb6f66 e-flex e-con-boxed e-con e-parent\" data-id=\"68fb6f66\" data-element_type=\"container\" data-e-type=\"container\">\n\t\t\t\t\t<div class=\"e-con-inner\">\n\t\t<div data-particle_enable=\"false\" data-particle-mobile-disabled=\"false\" class=\"elementor-element elementor-element-485cbc8 e-con-full e-flex e-con e-child\" data-id=\"485cbc8\" data-element_type=\"container\" data-e-type=\"container\" data-settings=\"{&quot;background_background&quot;:&quot;classic&quot;}\">\n\t\t<div data-particle_enable=\"false\" data-particle-mobile-disabled=\"false\" class=\"elementor-element elementor-element-7d6fbdf7 e-con-full e-flex e-con e-child\" data-id=\"7d6fbdf7\" data-element_type=\"container\" data-e-type=\"container\">\n\t\t\t\t<div class=\"elementor-element elementor-element-68ef6608 elementor-widget__width-inherit elementor-widget elementor-widget-image\" data-id=\"68ef6608\" data-element_type=\"widget\" data-e-type=\"widget\" data-widget_type=\"image.default\">\n\t\t\t\t<div class=\"elementor-widget-container\">\n\t\t\t\t\t\t\t\t\t\t\t\t\t\t\t<img loading=\"lazy\" decoding=\"async\" width=\"1200\" height=\"800\" src=\"https:\/\/cdn.desire-experience.com\/wp-content\/dexperience\/uploads\/2025\/03\/17171044\/exp_icono3_ESP.png\" class=\"attachment-full size-full wp-image-10973\" alt=\"\" \/>\t\t\t\t\t\t\t\t\t\t\t\t\t\t\t<\/div>\n\t\t\t\t<\/div>\n\t\t\t\t<\/div>\n\t\t<div data-particle_enable=\"false\" data-particle-mobile-disabled=\"false\" class=\"elementor-element elementor-element-68a628d4 e-con-full e-flex e-con e-child\" data-id=\"68a628d4\" data-element_type=\"container\" data-e-type=\"container\">\n\t\t\t\t<div class=\"elementor-element elementor-element-79203ce0 elementor-widget__width-inherit elementor-widget elementor-widget-text-editor\" data-id=\"79203ce0\" data-element_type=\"widget\" data-e-type=\"widget\" data-widget_type=\"text-editor.default\">\n\t\t\t\t<div class=\"elementor-widget-container\">\n\t\t\t\t\t\t\t\t\t<p>\u00a1Nuestros agentes est\u00e1n listos para preparar esas <span style=\"color: #cba052;\">vacaciones que has imaginado<\/span>, adaptadas a tus gustos y preferencias \u00fanicos! <a href=\"https:\/\/wa.link\/desireresorts\" rel=\"nofollow noopener\" target=\"_blank\">Chatea con nosotros.<\/a><\/p>\t\t\t\t\t\t\t\t<\/div>\n\t\t\t\t<\/div>\n\t\t\t\t<\/div>\n\t\t\t\t<\/div>\n\t\t<div data-particle_enable=\"false\" data-particle-mobile-disabled=\"false\" class=\"elementor-element elementor-element-f05990f e-con-full e-flex e-con e-child\" data-id=\"f05990f\" data-element_type=\"container\" data-e-type=\"container\">\n\t\t<div data-particle_enable=\"false\" data-particle-mobile-disabled=\"false\" class=\"elementor-element elementor-element-42f89c84 e-con-full e-flex e-con e-child\" data-id=\"42f89c84\" data-element_type=\"container\" data-e-type=\"container\">\n\t\t\t\t<div class=\"elementor-element elementor-element-10141304 elementor-widget__width-inherit elementor-widget elementor-widget-image\" data-id=\"10141304\" data-element_type=\"widget\" data-e-type=\"widget\" data-widget_type=\"image.default\">\n\t\t\t\t<div class=\"elementor-widget-container\">\n\t\t\t\t\t\t\t\t\t\t\t\t\t\t\t<img loading=\"lazy\" decoding=\"async\" width=\"1200\" height=\"800\" src=\"https:\/\/cdn.desire-experience.com\/wp-content\/dexperience\/uploads\/2025\/03\/17171040\/exp_icono2_ESP.png\" class=\"attachment-full size-full wp-image-10971\" alt=\"\" \/>\t\t\t\t\t\t\t\t\t\t\t\t\t\t\t<\/div>\n\t\t\t\t<\/div>\n\t\t\t\t<\/div>\n\t\t<div data-particle_enable=\"false\" data-particle-mobile-disabled=\"false\" class=\"elementor-element elementor-element-25fa0b59 e-con-full e-flex e-con e-child\" data-id=\"25fa0b59\" data-element_type=\"container\" data-e-type=\"container\">\n\t\t\t\t<div class=\"elementor-element elementor-element-1ebb5bbb elementor-widget__width-inherit elementor-widget elementor-widget-text-editor\" data-id=\"1ebb5bbb\" data-element_type=\"widget\" data-e-type=\"widget\" data-widget_type=\"text-editor.default\">\n\t\t\t\t<div class=\"elementor-widget-container\">\n\t\t\t\t\t\t\t\t\t<p>Reservar directamente con nosotros tiene sus ventajas, \u00a1y los <strong>REGALOS<\/strong> son una de ellas! Te obsequiamos el <span style=\"color: #cba052;\">traslado desde el Aeropuerto Internacional de Canc\u00fan<\/span> a Desire Riviera Maya Resort o Desire Pearl Riviera Maya Resort al reservar 3 noches o m\u00e1s en cualquier categor\u00eda de habitaci\u00f3n, utilizando el <span style=\"color: #cba052;\">c\u00f3digo promocional ONEWT.<\/span><\/p>\t\t\t\t\t\t\t\t<\/div>\n\t\t\t\t<\/div>\n\t\t\t\t<\/div>\n\t\t\t\t<\/div>\n\t\t\t\t\t<\/div>\n\t\t\t\t<\/div>\n\t\t<div data-particle_enable=\"false\" data-particle-mobile-disabled=\"false\" class=\"elementor-element elementor-element-500a10b5 e-flex e-con-boxed e-con e-parent\" data-id=\"500a10b5\" data-element_type=\"container\" data-e-type=\"container\">\n\t\t\t\t\t<div class=\"e-con-inner\">\n\t\t\t\t<div class=\"elementor-element elementor-element-509858c5 elementor-widget elementor-widget-text-editor\" data-id=\"509858c5\" data-element_type=\"widget\" data-e-type=\"widget\" data-widget_type=\"text-editor.default\">\n\t\t\t\t<div class=\"elementor-widget-container\">\n\t\t\t\t\t\t\t\t\t<p style=\"text-align: center;\">T\u00e9rminos y condiciones:<\/p><p style=\"text-align: center;\">*Para hacer v\u00e1lida la mejor tarifa garantizada, debes enviar la captura de pantalla de la tarifa encontrada con impuestos incluidos a las direcciones de correo electr\u00f3nico: <a href=\"mailto:specialattention@original-group.com\">specialattention@original-group.com<\/a> o <a href=\"mailto:specialattention1@original-group.com\">specialattention1@original-group.com<\/a>.<\/p><p style=\"text-align: center;\">*Para ser elegible para el 5% de reembolso debes registrarte en nuestro programa de lealtad Stay &amp; Play. Despu\u00e9s de tu estancia, reclama tu reembolso en el sitio web de <strong><a href=\"https:\/\/theguestbook.com\/\" rel=\"nofollow noopener\" target=\"_blank\">The Guestbook<\/a> <\/strong>.<\/p><p style=\"text-align: center;\">*Para saber m\u00e1s sobre nuestro programa de lealtad Stay &amp; Play, por favor haz <a href=\"https:\/\/www.desire-experience.com\/es\/stay-play-programa-de-lealtad\/\">click<strong> AQU\u00cd<\/strong><\/a><\/p><p style=\"text-align: center;\"><strong>POL\u00cdTICA DE CANCELACI\u00d3N DE DESIRE RESORTS<\/strong><\/p><p>\u25cf Del 26 de diciembre al 1 de enero: no hay reembolso por cancelaciones dentro de los 14 d\u00edas previos a la llegada, en caso de no presentarse, o salida anticipada.<br \/>\u25cf Del 2 de enero al 31 de marzo: las cancelaciones dentro de los 14 d\u00edas previos a la llegada incurrir\u00e1n en una penalizaci\u00f3n de 2 noches; no hay reembolso en caso de no presentarse o salida anticipada.<\/p>\t\t\t\t\t\t\t\t<\/div>\n\t\t\t\t<\/div>\n\t\t\t\t\t<\/div>\n\t\t\t\t<\/div>\n\t\t\t\t<\/div>\n\t\t","protected":false},"excerpt":{"rendered":"<p>VENTAJAS DE RESERVAR CON NOSOTROS Explora las 6 principales razones para reservar Desire Resorts directamente.\u00a1Hacemos que viajar no solo sea [&hellip;]<\/p>\n","protected":false},"author":1,"featured_media":0,"parent":0,"menu_order":0,"comment_status":"closed","ping_status":"closed","template":"","meta":{"_acf_changed":false,"site-sidebar-layout":"no-sidebar","site-content-layout":"","ast-site-content-layout":"full-width-container","site-content-style":"default","site-sidebar-style":"default","ast-global-header-display":"","ast-banner-title-visibility":"","ast-main-header-display":"","ast-hfb-above-header-display":"","ast-hfb-below-header-display":"","ast-hfb-mobile-header-display":"","site-post-title":"disabled","ast-breadcrumbs-content":"","ast-featured-img":"disabled","footer-sml-layout":"","ast-disable-related-posts":"","theme-transparent-header-meta":"","adv-header-id-meta":"","stick-header-meta":"","header-above-stick-meta":"","header-main-stick-meta":"","header-below-stick-meta":"","astra-migrate-meta-layouts":"default","ast-page-background-enabled":"default","ast-page-background-meta":{"desktop":{"background-color":"var(--ast-global-color-4)","background-image":"","background-repeat":"repeat","background-position":"center center","background-size":"auto","background-attachment":"scroll","background-type":"","background-media":"","overlay-type":"","overlay-color":"","overlay-opacity":"","overlay-gradient":""},"tablet":{"background-color":"","background-image":"","background-repeat":"repeat","background-position":"center center","background-size":"auto","background-attachment":"scroll","background-type":"","background-media":"","overlay-type":"","overlay-color":"","overlay-opacity":"","overlay-gradient":""},"mobile":{"background-color":"","background-image":"","background-repeat":"repeat","background-position":"center center","background-size":"auto","background-attachment":"scroll","background-type":"","background-media":"","overlay-type":"","overlay-color":"","overlay-opacity":"","overlay-gradient":""}},"ast-content-background-meta":{"desktop":{"background-color":"var(--ast-global-color-5)","background-image":"","background-repeat":"repeat","background-position":"center center","background-size":"auto","background-attachment":"scroll","background-type":"","background-media":"","overlay-type":"","overlay-color":"","overlay-opacity":"","overlay-gradient":""},"tablet":{"background-color":"var(--ast-global-color-5)","background-image":"","background-repeat":"repeat","background-position":"center center","background-size":"auto","background-attachment":"scroll","background-type":"","background-media":"","overlay-type":"","overlay-color":"","overlay-opacity":"","overlay-gradient":""},"mobile":{"background-color":"var(--ast-global-color-5)","background-image":"","background-repeat":"repeat","background-position":"center center","background-size":"auto","background-attachment":"scroll","background-type":"","background-media":"","overlay-type":"","overlay-color":"","overlay-opacity":"","overlay-gradient":""}},"footnotes":""},"categories":[36],"class_list":["post-10964","page","type-page","status-publish","hentry","category-corp-page-esp"],"acf":[],"publishpress_future_action":{"enabled":false,"date":"2026-05-02 06:17:01","action":"change-status","newStatus":"draft","terms":[],"taxonomy":"translation_priority","extraData":[]},"publishpress_future_workflow_manual_trigger":{"enabledWorkflows":[]},"_links":{"self":[{"href":"https:\/\/www.desire-experience.com\/es\/wp-json\/wp\/v2\/pages\/10964","targetHints":{"allow":["GET"]}}],"collection":[{"href":"https:\/\/www.desire-experience.com\/es\/wp-json\/wp\/v2\/pages"}],"about":[{"href":"https:\/\/www.desire-experience.com\/es\/wp-json\/wp\/v2\/types\/page"}],"author":[{"embeddable":true,"href":"https:\/\/www.desire-experience.com\/es\/wp-json\/wp\/v2\/users\/1"}],"replies":[{"embeddable":true,"href":"https:\/\/www.desire-experience.com\/es\/wp-json\/wp\/v2\/comments?post=10964"}],"version-history":[{"count":0,"href":"https:\/\/www.desire-experience.com\/es\/wp-json\/wp\/v2\/pages\/10964\/revisions"}],"wp:attachment":[{"href":"https:\/\/www.desire-experience.com\/es\/wp-json\/wp\/v2\/media?parent=10964"}],"wp:term":[{"taxonomy":"category","embeddable":true,"href":"https:\/\/www.desire-experience.com\/es\/wp-json\/wp\/v2\/categories?post=10964"}],"curies":[{"name":"wp","href":"https:\/\/api.w.org\/{rel}","templated":true}]}}