{"id":362,"date":"2024-02-13T11:45:04","date_gmt":"2024-02-13T16:45:04","guid":{"rendered":"https:\/\/desire-experience.com\/resorts\/desire-riviera-maya-pearl-resort\/bodas\/"},"modified":"2025-10-01T11:40:15","modified_gmt":"2025-10-01T16:40:15","slug":"bodas","status":"publish","type":"page","link":"https:\/\/www.desire-experience.com\/es\/resorts\/desire-riviera-maya-pearl-resort\/bodas\/","title":{"rendered":"Bodas"},"content":{"rendered":"\t\t<div data-elementor-type=\"wp-page\" data-elementor-id=\"362\" class=\"elementor elementor-362 elementor-115\" data-elementor-post-type=\"page\">\n\t\t\t\t\t\t<section data-particle_enable=\"false\" data-particle-mobile-disabled=\"false\" class=\"elementor-section elementor-top-section elementor-element elementor-element-6661e8af elementor-section-full_width elementor-section-stretched elementor-section-height-min-height elementor-hidden-desktop elementor-hidden-tablet elementor-section-height-default elementor-section-items-middle\" data-id=\"6661e8af\" data-element_type=\"section\" data-e-type=\"section\" data-settings=\"{&quot;stretch_section&quot;:&quot;section-stretched&quot;,&quot;background_background&quot;:&quot;classic&quot;}\">\n\t\t\t\t\t\t<div class=\"elementor-container elementor-column-gap-no\">\n\t\t\t\t\t<div class=\"elementor-column elementor-col-100 elementor-top-column elementor-element elementor-element-5370011b\" data-id=\"5370011b\" data-element_type=\"column\" data-e-type=\"column\">\n\t\t\t<div class=\"elementor-widget-wrap\">\n\t\t\t\t\t\t\t<\/div>\n\t\t<\/div>\n\t\t\t\t\t<\/div>\n\t\t<\/section>\n\t\t\t\t<section data-particle_enable=\"false\" data-particle-mobile-disabled=\"false\" class=\"elementor-section elementor-top-section elementor-element elementor-element-33a6d10 elementor-section-full_width elementor-section-stretched elementor-section-height-default elementor-section-height-default\" data-id=\"33a6d10\" data-element_type=\"section\" data-e-type=\"section\" data-settings=\"{&quot;stretch_section&quot;:&quot;section-stretched&quot;}\">\n\t\t\t\t\t\t<div class=\"elementor-container elementor-column-gap-no\">\n\t\t\t\t\t<div class=\"elementor-column elementor-col-100 elementor-top-column elementor-element elementor-element-5495ce36\" data-id=\"5495ce36\" data-element_type=\"column\" data-e-type=\"column\">\n\t\t\t<div class=\"elementor-widget-wrap elementor-element-populated\">\n\t\t\t\t\t\t<div class=\"elementor-element elementor-element-1d4133cc elementor--h-position-center elementor--v-position-middle elementor-arrows-position-inside elementor-pagination-position-inside elementor-widget elementor-widget-slides\" data-id=\"1d4133cc\" data-element_type=\"widget\" data-e-type=\"widget\" data-settings=\"{&quot;navigation&quot;:&quot;both&quot;,&quot;autoplay&quot;:&quot;yes&quot;,&quot;pause_on_hover&quot;:&quot;yes&quot;,&quot;pause_on_interaction&quot;:&quot;yes&quot;,&quot;autoplay_speed&quot;:5000,&quot;infinite&quot;:&quot;yes&quot;,&quot;transition&quot;:&quot;slide&quot;,&quot;transition_speed&quot;:500}\" data-widget_type=\"slides.default\">\n\t\t\t\t<div class=\"elementor-widget-container\">\n\t\t\t\t\t\t\t\t\t<div class=\"elementor-swiper\">\n\t\t\t\t\t<div class=\"elementor-slides-wrapper elementor-main-swiper swiper\" role=\"region\" aria-roledescription=\"carousel\" aria-label=\"Slides\" dir=\"ltr\" data-animation=\"fadeInUp\">\n\t\t\t\t<div class=\"swiper-wrapper elementor-slides\">\n\t\t\t\t\t\t\t\t\t\t<div class=\"elementor-repeater-item-f64d344 swiper-slide\" role=\"group\" aria-roledescription=\"slide\"><div class=\"swiper-slide-bg\" role=\"img\" aria-label=\"Weddings _ Desire Riviera Maya Pearl Resort\"><\/div><div class=\"swiper-slide-inner\" ><div class=\"swiper-slide-contents\"><\/div><\/div><\/div>\t\t\t\t<\/div>\n\t\t\t\t\t\t\t<\/div>\n\t\t\t\t<\/div>\n\t\t\t\t\t\t\t\t<\/div>\n\t\t\t\t<\/div>\n\t\t\t\t\t<\/div>\n\t\t<\/div>\n\t\t\t\t\t<\/div>\n\t\t<\/section>\n\t\t\t\t<section data-particle_enable=\"false\" data-particle-mobile-disabled=\"false\" class=\"elementor-section elementor-top-section elementor-element elementor-element-2501b7a2 elementor-section-full_width elementor-section-height-default elementor-section-height-default\" data-id=\"2501b7a2\" data-element_type=\"section\" data-e-type=\"section\">\n\t\t\t\t\t\t<div class=\"elementor-container elementor-column-gap-no\">\n\t\t\t\t\t<div class=\"elementor-column elementor-col-100 elementor-top-column elementor-element elementor-element-59fc9103\" data-id=\"59fc9103\" data-element_type=\"column\" data-e-type=\"column\">\n\t\t\t<div class=\"elementor-widget-wrap elementor-element-populated\">\n\t\t\t\t\t\t<div class=\"elementor-element elementor-element-53889cf0 elementor-absolute elementor-widget elementor-widget-text-editor\" data-id=\"53889cf0\" data-element_type=\"widget\" data-e-type=\"widget\" data-settings=\"{&quot;_position&quot;:&quot;absolute&quot;}\" data-widget_type=\"text-editor.default\">\n\t\t\t\t<div class=\"elementor-widget-container\">\n\t\t\t\t\t\t\t\t\t\t\t<div data-elementor-type=\"widget\" data-elementor-id=\"3052\" class=\"elementor elementor-3052 elementor-2786 elementor-2786\" data-elementor-post-type=\"elementor_library\">\n\t\t\t\t\t\t<div class=\"elementor-element elementor-element-2786 elementor-absolute elementor-widget elementor-widget-text-editor\" data-id=\"2786\" data-element_type=\"widget\" data-e-type=\"widget\" data-settings=\"{&quot;_position&quot;:&quot;absolute&quot;}\" data-widget_type=\"text-editor.default\">\n\t\t\t\t<div class=\"elementor-widget-container\">\n\t\t\t\t\t<div  id=\"resbox-form-0\" class=\"og-resbox-container visible-lg visible-md\" data-type=\"drmpr\" data-brand=\"desire\" data-params='lang=es&amp;design=responsive'><\/div>\t\t\t\t<p><\/p>\n\t\t\t\t\t\t\t\t<\/div>\n\t\t\t\t<\/div>\n\t\t\t\t<\/div>\n\t\t\t\t\t\t\t\t\t\t<\/div>\n\t\t\t\t<\/div>\n\t\t\t\t\t<\/div>\n\t\t<\/div>\n\t\t\t\t\t<\/div>\n\t\t<\/section>\n\t\t\t\t<section data-particle_enable=\"false\" data-particle-mobile-disabled=\"false\" class=\"elementor-section elementor-top-section elementor-element elementor-element-670b8bbc elementor-section-boxed elementor-section-height-default elementor-section-height-default\" data-id=\"670b8bbc\" data-element_type=\"section\" data-e-type=\"section\">\n\t\t\t\t\t\t<div class=\"elementor-container elementor-column-gap-default\">\n\t\t\t\t\t<div class=\"elementor-column elementor-col-100 elementor-top-column elementor-element elementor-element-785c1a91\" data-id=\"785c1a91\" data-element_type=\"column\" data-e-type=\"column\">\n\t\t\t<div class=\"elementor-widget-wrap elementor-element-populated\">\n\t\t\t\t\t\t<div class=\"elementor-element elementor-element-12258223 elementor-widget elementor-widget-text-editor\" data-id=\"12258223\" data-element_type=\"widget\" data-e-type=\"widget\" data-widget_type=\"text-editor.default\">\n\t\t\t\t<div class=\"elementor-widget-container\">\n\t\t\t\t\t\t\t\t\t\t\t<div data-elementor-type=\"widget\" data-elementor-id=\"3050\" class=\"elementor elementor-3050 elementor-2686 elementor-2686\" data-elementor-post-type=\"elementor_library\">\n\t\t\t\t\t\t<div class=\"elementor-element elementor-element-2686 elementor-widget elementor-widget-text-editor\" data-id=\"2686\" data-element_type=\"widget\" data-e-type=\"widget\" data-widget_type=\"text-editor.default\">\n\t\t\t\t<div class=\"elementor-widget-container\">\n\t\t\t\t\t\t\t\t\t<h5 style=\"text-align: center;\">SOLO PARA PAREJAS | TODO INCLUIDO | SOFISTICADO AMBIENTE | SERVICIO PERSONALIZADO | UBICACI\u00d3N PRIVILEGIADA<\/h5>\n\t\t\t\t\t\t\t\t<\/div>\n\t\t\t\t<\/div>\n\t\t\t\t<\/div>\n\t\t\t\t\t\t\t\t\t\t<\/div>\n\t\t\t\t<\/div>\n\t\t\t\t\t<\/div>\n\t\t<\/div>\n\t\t\t\t\t<\/div>\n\t\t<\/section>\n\t\t<div data-particle_enable=\"false\" data-particle-mobile-disabled=\"false\" class=\"elementor-element elementor-element-37f1d972 e-flex e-con-boxed e-con e-parent\" data-id=\"37f1d972\" data-element_type=\"container\" data-e-type=\"container\">\n\t\t\t\t\t<div class=\"e-con-inner\">\n\t\t\t\t<div class=\"elementor-element elementor-element-7787a350 elementor-widget elementor-widget-text-editor\" data-id=\"7787a350\" data-element_type=\"widget\" data-e-type=\"widget\" data-widget_type=\"text-editor.default\">\n\t\t\t\t<div class=\"elementor-widget-container\">\n\t\t\t\t\t\t\t\t\t<h1 style=\"text-align: center;\">PAQUETES DE BODA\u00a0<\/h1><h2 style=\"text-align: center;\">LOS MEJORES PAQUETES DE BODA TODO INCLUIDO EN LA RIVIERA MAYA<\/h2>\t\t\t\t\t\t\t\t<\/div>\n\t\t\t\t<\/div>\n\t\t\t\t\t<\/div>\n\t\t\t\t<\/div>\n\t\t<div data-particle_enable=\"false\" data-particle-mobile-disabled=\"false\" class=\"elementor-element elementor-element-1f1cef18 e-flex e-con-boxed e-con e-parent\" data-id=\"1f1cef18\" data-element_type=\"container\" data-e-type=\"container\">\n\t\t\t\t\t<div class=\"e-con-inner\">\n\t\t\t\t<div class=\"elementor-element elementor-element-5971d4fd elementor-widget elementor-widget-text-editor\" data-id=\"5971d4fd\" data-element_type=\"widget\" data-e-type=\"widget\" data-widget_type=\"text-editor.default\">\n\t\t\t\t<div class=\"elementor-widget-container\">\n\t\t\t\t\t\t\t\t\t<p style=\"text-align: center;\"><span style=\"font-weight: 400;\">\u00a1Felicidades por tu boda o renovaci\u00f3n de tus votos con esa persona especial! Nuestros <\/span><b>paquetes todo incluido de boda\/renovaci\u00f3n de votos en Desire Pearl Riviera Maya Resort<\/b><span style=\"font-weight: 400;\">, con nuestro servicio personalizado y meticulosa atenci\u00f3n al detalle, aseguran una celebraci\u00f3n inolvidable en la que todo salga perfecto. Estaremos contigo en todo momento.<\/span><\/p>\t\t\t\t\t\t\t\t<\/div>\n\t\t\t\t<\/div>\n\t\t\t\t\t<\/div>\n\t\t\t\t<\/div>\n\t\t<div data-particle_enable=\"false\" data-particle-mobile-disabled=\"false\" class=\"elementor-element elementor-element-112b0621 elementor-hidden-mobile e-flex e-con-boxed e-con e-parent\" data-id=\"112b0621\" data-element_type=\"container\" data-e-type=\"container\">\n\t\t\t\t\t<div class=\"e-con-inner\">\n\t\t<div data-particle_enable=\"false\" data-particle-mobile-disabled=\"false\" class=\"elementor-element elementor-element-d08972 e-con-full e-flex e-con e-child\" data-id=\"d08972\" data-element_type=\"container\" data-e-type=\"container\">\n\t\t\t\t<div class=\"elementor-element elementor-element-6a5a7807 elementor-widget elementor-widget-text-editor\" data-id=\"6a5a7807\" data-element_type=\"widget\" data-e-type=\"widget\" data-widget_type=\"text-editor.default\">\n\t\t\t\t<div class=\"elementor-widget-container\">\n\t\t\t\t\t\t\t\t\t<h5>BODAS<\/h5><p><span style=\"font-weight: 400;\">Vive una boda \u00fanica e \u00edntima en<\/span><b> Desire Pearl Riviera Maya Resort<\/b><span style=\"font-weight: 400;\">. Comparte tu d\u00eda especial con tus invitados, rodeados de un inspirador entorno caribe\u00f1o e impresionantes vistas. Nuestros <\/span><b>paquetes de boda<\/b><span style=\"font-weight: 400;\"> te ayudar\u00e1n a crear recuerdos inolvidables mientras celebras el amor, la compa\u00f1\u00eda y la alegr\u00eda de estar rodeado de amigos.<\/span><\/p>\t\t\t\t\t\t\t\t<\/div>\n\t\t\t\t<\/div>\n\t\t\t\t<\/div>\n\t\t<div data-particle_enable=\"false\" data-particle-mobile-disabled=\"false\" class=\"elementor-element elementor-element-10f7c77b e-con-full e-flex e-con e-child\" data-id=\"10f7c77b\" data-element_type=\"container\" data-e-type=\"container\">\n\t\t\t\t<div class=\"elementor-element elementor-element-325673d7 elementor-widget elementor-widget-image\" data-id=\"325673d7\" data-element_type=\"widget\" data-e-type=\"widget\" data-widget_type=\"image.default\">\n\t\t\t\t<div class=\"elementor-widget-container\">\n\t\t\t\t\t\t\t\t\t\t\t\t\t\t\t<img fetchpriority=\"high\" decoding=\"async\" width=\"1200\" height=\"800\" src=\"https:\/\/www.desire-experience.com\/wp-content\/uploads\/2024\/04\/DRM-Sitio-experience-Weddings-Flips-Bodas.webp\" class=\"attachment-full size-full wp-image-2324\" alt=\"\" \/>\t\t\t\t\t\t\t\t\t\t\t\t\t\t\t<\/div>\n\t\t\t\t<\/div>\n\t\t\t\t<\/div>\n\t\t<div data-particle_enable=\"false\" data-particle-mobile-disabled=\"false\" class=\"elementor-element elementor-element-45584c11 e-con-full e-flex e-con e-child\" data-id=\"45584c11\" data-element_type=\"container\" data-e-type=\"container\">\n\t\t\t\t<div class=\"elementor-element elementor-element-7efc761f elementor-widget elementor-widget-text-editor\" data-id=\"7efc761f\" data-element_type=\"widget\" data-e-type=\"widget\" data-widget_type=\"text-editor.default\">\n\t\t\t\t<div class=\"elementor-widget-container\">\n\t\t\t\t\t\t\t\t\t<h5>RENOVACI\u00d3N DE VOTOS<\/h5><p><span style=\"font-weight: 400;\">Con nosotros, la <\/span><b>renovaci\u00f3n de tus votos<\/b><span style=\"font-weight: 400;\"> ser\u00e1 la celebraci\u00f3n ideal de una vida juntos. El romance y la belleza estar\u00e1n en el aire mientras t\u00fa y tu pareja reafirman un amor que se ha hecho m\u00e1s fuerte, rememoran su camino juntos, dan nuevo valor a sus recuerdos y declaran su compromiso duradero en un <\/span><b>entorno exclusivo e inolvidable<\/b><span style=\"font-weight: 400;\">.<\/span><\/p>\t\t\t\t\t\t\t\t<\/div>\n\t\t\t\t<\/div>\n\t\t\t\t<\/div>\n\t\t<div data-particle_enable=\"false\" data-particle-mobile-disabled=\"false\" class=\"elementor-element elementor-element-23ad583 e-con-full e-flex e-con e-child\" data-id=\"23ad583\" data-element_type=\"container\" data-e-type=\"container\">\n\t\t\t\t<div class=\"elementor-element elementor-element-7cf041d9 elementor-widget elementor-widget-image\" data-id=\"7cf041d9\" data-element_type=\"widget\" data-e-type=\"widget\" data-widget_type=\"image.default\">\n\t\t\t\t<div class=\"elementor-widget-container\">\n\t\t\t\t\t\t\t\t\t\t\t\t\t\t\t<img decoding=\"async\" width=\"1200\" height=\"800\" src=\"https:\/\/www.desire-experience.com\/wp-content\/uploads\/2024\/04\/DRM-Sitio-experience-Weddings-Flips-Renovacion.jpg\" class=\"attachment-full size-full wp-image-2326\" alt=\"\" srcset=\"https:\/\/www.desire-experience.com\/wp-content\/uploads\/2024\/04\/DRM-Sitio-experience-Weddings-Flips-Renovacion.jpg 1200w, https:\/\/www.desire-experience.com\/wp-content\/uploads\/2024\/04\/DRM-Sitio-experience-Weddings-Flips-Renovacion-300x200.jpg 300w, https:\/\/www.desire-experience.com\/wp-content\/uploads\/2024\/04\/DRM-Sitio-experience-Weddings-Flips-Renovacion-1024x683.jpg 1024w, https:\/\/www.desire-experience.com\/wp-content\/uploads\/2024\/04\/DRM-Sitio-experience-Weddings-Flips-Renovacion-768x512.jpg 768w\" sizes=\"(max-width: 1200px) 100vw, 1200px\" \/>\t\t\t\t\t\t\t\t\t\t\t\t\t\t\t<\/div>\n\t\t\t\t<\/div>\n\t\t\t\t<\/div>\n\t\t\t\t\t<\/div>\n\t\t\t\t<\/div>\n\t\t<div data-particle_enable=\"false\" data-particle-mobile-disabled=\"false\" class=\"elementor-element elementor-element-73dfc1b0 elementor-hidden-desktop elementor-hidden-tablet e-flex e-con-boxed e-con e-parent\" data-id=\"73dfc1b0\" data-element_type=\"container\" data-e-type=\"container\">\n\t\t\t\t\t<div class=\"e-con-inner\">\n\t\t<div data-particle_enable=\"false\" data-particle-mobile-disabled=\"false\" class=\"elementor-element elementor-element-d39b0fd e-con-full e-flex e-con e-child\" data-id=\"d39b0fd\" data-element_type=\"container\" data-e-type=\"container\">\n\t\t\t\t<div class=\"elementor-element elementor-element-2a3d687f elementor-widget elementor-widget-image\" data-id=\"2a3d687f\" data-element_type=\"widget\" data-e-type=\"widget\" data-widget_type=\"image.default\">\n\t\t\t\t<div class=\"elementor-widget-container\">\n\t\t\t\t\t\t\t\t\t\t\t\t\t\t\t<img fetchpriority=\"high\" decoding=\"async\" width=\"1200\" height=\"800\" src=\"https:\/\/www.desire-experience.com\/wp-content\/uploads\/2024\/04\/DRM-Sitio-experience-Weddings-Flips-Bodas.webp\" class=\"attachment-full size-full wp-image-2324\" alt=\"\" \/>\t\t\t\t\t\t\t\t\t\t\t\t\t\t\t<\/div>\n\t\t\t\t<\/div>\n\t\t\t\t<\/div>\n\t\t<div data-particle_enable=\"false\" data-particle-mobile-disabled=\"false\" class=\"elementor-element elementor-element-1dd0e6e6 e-con-full e-flex e-con e-child\" data-id=\"1dd0e6e6\" data-element_type=\"container\" data-e-type=\"container\">\n\t\t\t\t<div class=\"elementor-element elementor-element-62e70a46 elementor-widget elementor-widget-text-editor\" data-id=\"62e70a46\" data-element_type=\"widget\" data-e-type=\"widget\" data-widget_type=\"text-editor.default\">\n\t\t\t\t<div class=\"elementor-widget-container\">\n\t\t\t\t\t\t\t\t\t<h2>BODAS<\/h2><p><span style=\"font-weight: 400;\">Vive una boda \u00fanica e \u00edntima en<\/span><b> Desire Pearl Riviera Maya Resort<\/b><span style=\"font-weight: 400;\">. Comparte tu d\u00eda especial con tus invitados, rodeados de un inspirador entorno caribe\u00f1o e impresionantes vistas. Nuestros <\/span><b>paquetes de boda<\/b><span style=\"font-weight: 400;\"> te ayudar\u00e1n a crear recuerdos inolvidables mientras celebras el amor, la compa\u00f1\u00eda y la alegr\u00eda de estar rodeado de amigos.<\/span><\/p>\t\t\t\t\t\t\t\t<\/div>\n\t\t\t\t<\/div>\n\t\t\t\t<\/div>\n\t\t\t\t\t<\/div>\n\t\t\t\t<\/div>\n\t\t<div data-particle_enable=\"false\" data-particle-mobile-disabled=\"false\" class=\"elementor-element elementor-element-88ec3d0 elementor-hidden-desktop elementor-hidden-tablet e-flex e-con-boxed e-con e-parent\" data-id=\"88ec3d0\" data-element_type=\"container\" data-e-type=\"container\">\n\t\t\t\t\t<div class=\"e-con-inner\">\n\t\t<div data-particle_enable=\"false\" data-particle-mobile-disabled=\"false\" class=\"elementor-element elementor-element-da69a8d e-con-full e-flex e-con e-child\" data-id=\"da69a8d\" data-element_type=\"container\" data-e-type=\"container\">\n\t\t\t\t<div class=\"elementor-element elementor-element-32873ac elementor-widget elementor-widget-image\" data-id=\"32873ac\" data-element_type=\"widget\" data-e-type=\"widget\" data-widget_type=\"image.default\">\n\t\t\t\t<div class=\"elementor-widget-container\">\n\t\t\t\t\t\t\t\t\t\t\t\t\t\t\t<img decoding=\"async\" width=\"1200\" height=\"800\" src=\"https:\/\/www.desire-experience.com\/wp-content\/uploads\/2024\/04\/DRM-Sitio-experience-Weddings-Flips-Renovacion.jpg\" class=\"attachment-full size-full wp-image-2326\" alt=\"\" srcset=\"https:\/\/www.desire-experience.com\/wp-content\/uploads\/2024\/04\/DRM-Sitio-experience-Weddings-Flips-Renovacion.jpg 1200w, https:\/\/www.desire-experience.com\/wp-content\/uploads\/2024\/04\/DRM-Sitio-experience-Weddings-Flips-Renovacion-300x200.jpg 300w, https:\/\/www.desire-experience.com\/wp-content\/uploads\/2024\/04\/DRM-Sitio-experience-Weddings-Flips-Renovacion-1024x683.jpg 1024w, https:\/\/www.desire-experience.com\/wp-content\/uploads\/2024\/04\/DRM-Sitio-experience-Weddings-Flips-Renovacion-768x512.jpg 768w\" sizes=\"(max-width: 1200px) 100vw, 1200px\" \/>\t\t\t\t\t\t\t\t\t\t\t\t\t\t\t<\/div>\n\t\t\t\t<\/div>\n\t\t\t\t<\/div>\n\t\t<div data-particle_enable=\"false\" data-particle-mobile-disabled=\"false\" class=\"elementor-element elementor-element-b55f80b e-con-full e-flex e-con e-child\" data-id=\"b55f80b\" data-element_type=\"container\" data-e-type=\"container\">\n\t\t\t\t<div class=\"elementor-element elementor-element-4660c78 elementor-widget elementor-widget-text-editor\" data-id=\"4660c78\" data-element_type=\"widget\" data-e-type=\"widget\" data-widget_type=\"text-editor.default\">\n\t\t\t\t<div class=\"elementor-widget-container\">\n\t\t\t\t\t\t\t\t\t<h2>RENOVACI\u00d3N DE VOTOS<\/h2><p><span style=\"font-weight: 400;\">Con nosotros, la <\/span><b>renovaci\u00f3n de tus votos<\/b><span style=\"font-weight: 400;\"> ser\u00e1 la celebraci\u00f3n ideal de una vida juntos. El romance y la belleza estar\u00e1n en el aire mientras t\u00fa y tu pareja reafirman un amor que se ha hecho m\u00e1s fuerte, rememoran su camino juntos, dan nuevo valor a sus recuerdos y declaran su compromiso duradero en un <\/span><b>entorno exclusivo e inolvidable<\/b><span style=\"font-weight: 400;\">.<\/span><\/p>\t\t\t\t\t\t\t\t<\/div>\n\t\t\t\t<\/div>\n\t\t\t\t<\/div>\n\t\t\t\t\t<\/div>\n\t\t\t\t<\/div>\n\t\t<div data-particle_enable=\"false\" data-particle-mobile-disabled=\"false\" class=\"elementor-element elementor-element-c47345f e-flex e-con-boxed e-con e-parent\" data-id=\"c47345f\" data-element_type=\"container\" data-e-type=\"container\">\n\t\t\t\t\t<div class=\"e-con-inner\">\n\t\t\t\t<div class=\"elementor-element elementor-element-71ef376d elementor-widget elementor-widget-text-editor\" data-id=\"71ef376d\" data-element_type=\"widget\" data-e-type=\"widget\" data-widget_type=\"text-editor.default\">\n\t\t\t\t<div class=\"elementor-widget-container\">\n\t\t\t\t\t\t\t\t\t<p style=\"text-align: center;\"><span style=\"font-weight: 400;\">Para m\u00e1s informaci\u00f3n sobre nuestros paquetes, escr\u00edbenos a<\/span><br \/><a href=\"mailto:econcierge.pearl@desireresorts.com\">econcierge.pearl@desireresorts.com<\/a><\/p>\t\t\t\t\t\t\t\t<\/div>\n\t\t\t\t<\/div>\n\t\t\t\t\t<\/div>\n\t\t\t\t<\/div>\n\t\t<div data-particle_enable=\"false\" data-particle-mobile-disabled=\"false\" class=\"elementor-element elementor-element-454757d2 e-flex e-con-boxed e-con e-parent\" data-id=\"454757d2\" data-element_type=\"container\" data-e-type=\"container\">\n\t\t\t\t\t<div class=\"e-con-inner\">\n\t\t\t\t<div class=\"elementor-element elementor-element-110050d4 elementor-widget elementor-widget-spacer\" data-id=\"110050d4\" data-element_type=\"widget\" data-e-type=\"widget\" data-widget_type=\"spacer.default\">\n\t\t\t\t<div class=\"elementor-widget-container\">\n\t\t\t\t\t\t\t<div class=\"elementor-spacer\">\n\t\t\t<div class=\"elementor-spacer-inner\"><\/div>\n\t\t<\/div>\n\t\t\t\t\t\t<\/div>\n\t\t\t\t<\/div>\n\t\t\t\t\t<\/div>\n\t\t\t\t<\/div>\n\t\t\t\t<\/div>\n\t\t","protected":false},"excerpt":{"rendered":"<p>PAQUETES DE BODA\u00a0 LOS MEJORES PAQUETES DE BODA TODO INCLUIDO EN LA RIVIERA MAYA \u00a1Felicidades por tu boda o renovaci\u00f3n [&hellip;]<\/p>\n","protected":false},"author":1,"featured_media":0,"parent":323,"menu_order":0,"comment_status":"closed","ping_status":"closed","template":"","meta":{"_acf_changed":false,"site-sidebar-layout":"no-sidebar","site-content-layout":"","ast-site-content-layout":"full-width-container","site-content-style":"default","site-sidebar-style":"default","ast-global-header-display":"","ast-banner-title-visibility":"","ast-main-header-display":"","ast-hfb-above-header-display":"","ast-hfb-below-header-display":"","ast-hfb-mobile-header-display":"","site-post-title":"disabled","ast-breadcrumbs-content":"","ast-featured-img":"disabled","footer-sml-layout":"","ast-disable-related-posts":"","theme-transparent-header-meta":"","adv-header-id-meta":"","stick-header-meta":"","header-above-stick-meta":"","header-main-stick-meta":"","header-below-stick-meta":"","astra-migrate-meta-layouts":"default","ast-page-background-enabled":"default","ast-page-background-meta":{"desktop":{"background-color":"var(--ast-global-color-4)","background-image":"","background-repeat":"repeat","background-position":"center center","background-size":"auto","background-attachment":"scroll","background-type":"","background-media":"","overlay-type":"","overlay-color":"","overlay-opacity":"","overlay-gradient":""},"tablet":{"background-color":"","background-image":"","background-repeat":"repeat","background-position":"center center","background-size":"auto","background-attachment":"scroll","background-type":"","background-media":"","overlay-type":"","overlay-color":"","overlay-opacity":"","overlay-gradient":""},"mobile":{"background-color":"","background-image":"","background-repeat":"repeat","background-position":"center center","background-size":"auto","background-attachment":"scroll","background-type":"","background-media":"","overlay-type":"","overlay-color":"","overlay-opacity":"","overlay-gradient":""}},"ast-content-background-meta":{"desktop":{"background-color":"var(--ast-global-color-5)","background-image":"","background-repeat":"repeat","background-position":"center center","background-size":"auto","background-attachment":"scroll","background-type":"","background-media":"","overlay-type":"","overlay-color":"","overlay-opacity":"","overlay-gradient":""},"tablet":{"background-color":"var(--ast-global-color-5)","background-image":"","background-repeat":"repeat","background-position":"center center","background-size":"auto","background-attachment":"scroll","background-type":"","background-media":"","overlay-type":"","overlay-color":"","overlay-opacity":"","overlay-gradient":""},"mobile":{"background-color":"var(--ast-global-color-5)","background-image":"","background-repeat":"repeat","background-position":"center center","background-size":"auto","background-attachment":"scroll","background-type":"","background-media":"","overlay-type":"","overlay-color":"","overlay-opacity":"","overlay-gradient":""}},"footnotes":""},"categories":[24],"class_list":["post-362","page","type-page","status-publish","hentry","category-desire-riviera-maya-pearl-resort-es"],"acf":[],"publishpress_future_action":{"enabled":false,"date":"2026-04-16 05:00:13","action":"change-status","newStatus":"draft","terms":[],"taxonomy":"translation_priority","extraData":[]},"publishpress_future_workflow_manual_trigger":{"enabledWorkflows":[]},"_links":{"self":[{"href":"https:\/\/www.desire-experience.com\/es\/wp-json\/wp\/v2\/pages\/362","targetHints":{"allow":["GET"]}}],"collection":[{"href":"https:\/\/www.desire-experience.com\/es\/wp-json\/wp\/v2\/pages"}],"about":[{"href":"https:\/\/www.desire-experience.com\/es\/wp-json\/wp\/v2\/types\/page"}],"author":[{"embeddable":true,"href":"https:\/\/www.desire-experience.com\/es\/wp-json\/wp\/v2\/users\/1"}],"replies":[{"embeddable":true,"href":"https:\/\/www.desire-experience.com\/es\/wp-json\/wp\/v2\/comments?post=362"}],"version-history":[{"count":0,"href":"https:\/\/www.desire-experience.com\/es\/wp-json\/wp\/v2\/pages\/362\/revisions"}],"up":[{"embeddable":true,"href":"https:\/\/www.desire-experience.com\/es\/wp-json\/wp\/v2\/pages\/323"}],"wp:attachment":[{"href":"https:\/\/www.desire-experience.com\/es\/wp-json\/wp\/v2\/media?parent=362"}],"wp:term":[{"taxonomy":"category","embeddable":true,"href":"https:\/\/www.desire-experience.com\/es\/wp-json\/wp\/v2\/categories?post=362"}],"curies":[{"name":"wp","href":"https:\/\/api.w.org\/{rel}","templated":true}]}}