{"id":499,"date":"2024-03-06T10:40:40","date_gmt":"2024-03-06T15:40:40","guid":{"rendered":"https:\/\/desire-experience.com\/terminos-y-condiciones\/"},"modified":"2025-11-24T13:30:22","modified_gmt":"2025-11-24T18:30:22","slug":"terminos-y-condiciones","status":"publish","type":"page","link":"https:\/\/www.desire-experience.com\/es\/terminos-y-condiciones\/","title":{"rendered":"Terminos y Condiciones"},"content":{"rendered":"\t\t<div data-elementor-type=\"wp-page\" data-elementor-id=\"499\" class=\"elementor elementor-499 elementor-493\" data-elementor-post-type=\"page\">\n\t\t\t\t<div data-particle_enable=\"false\" data-particle-mobile-disabled=\"false\" class=\"elementor-element elementor-element-20b76b38 e-flex e-con-boxed e-con e-parent\" data-id=\"20b76b38\" data-element_type=\"container\" data-e-type=\"container\">\n\t\t\t\t\t<div class=\"e-con-inner\">\n\t\t<div data-particle_enable=\"false\" data-particle-mobile-disabled=\"false\" class=\"elementor-element elementor-element-22c8db19 e-con-full e-flex e-con e-child\" data-id=\"22c8db19\" data-element_type=\"container\" data-e-type=\"container\">\n\t\t\t\t<\/div>\n\t\t<div data-particle_enable=\"false\" data-particle-mobile-disabled=\"false\" class=\"elementor-element elementor-element-4050554c e-con-full e-flex e-con e-child\" data-id=\"4050554c\" data-element_type=\"container\" data-e-type=\"container\">\n\t\t\t\t<div class=\"elementor-element elementor-element-7f4a9a54 elementor-hidden-mobile elementor-widget elementor-widget-spacer\" data-id=\"7f4a9a54\" data-element_type=\"widget\" data-e-type=\"widget\" data-widget_type=\"spacer.default\">\n\t\t\t\t<div class=\"elementor-widget-container\">\n\t\t\t\t\t\t\t<div class=\"elementor-spacer\">\n\t\t\t<div class=\"elementor-spacer-inner\"><\/div>\n\t\t<\/div>\n\t\t\t\t\t\t<\/div>\n\t\t\t\t<\/div>\n\t\t\t\t<\/div>\n\t\t<div data-particle_enable=\"false\" data-particle-mobile-disabled=\"false\" class=\"elementor-element elementor-element-10eb2ed6 e-con-full e-flex e-con e-child\" data-id=\"10eb2ed6\" data-element_type=\"container\" data-e-type=\"container\">\n\t\t\t\t<\/div>\n\t\t\t\t\t<\/div>\n\t\t\t\t<\/div>\n\t\t<div data-particle_enable=\"false\" data-particle-mobile-disabled=\"false\" class=\"elementor-element elementor-element-53687ffa e-flex e-con-boxed e-con e-parent\" data-id=\"53687ffa\" data-element_type=\"container\" data-e-type=\"container\">\n\t\t\t\t\t<div class=\"e-con-inner\">\n\t\t\t\t<div class=\"elementor-element elementor-element-7a6ed169 elementor-widget elementor-widget-text-editor\" data-id=\"7a6ed169\" data-element_type=\"widget\" data-e-type=\"widget\" data-widget_type=\"text-editor.default\">\n\t\t\t\t<div class=\"elementor-widget-container\">\n\t\t\t\t\t\t\t\t\t<h1 style=\"text-align: center;\">T\u00c9RMINOS Y CONDICIONES<\/h1>\t\t\t\t\t\t\t\t<\/div>\n\t\t\t\t<\/div>\n\t\t\t\t\t<\/div>\n\t\t\t\t<\/div>\n\t\t<div data-particle_enable=\"false\" data-particle-mobile-disabled=\"false\" class=\"elementor-element elementor-element-76ee862a e-con-full e-flex e-con e-parent\" data-id=\"76ee862a\" data-element_type=\"container\" data-e-type=\"container\">\n\t\t<div data-particle_enable=\"false\" data-particle-mobile-disabled=\"false\" class=\"elementor-element elementor-element-47066d0b e-con-full e-flex e-con e-child\" data-id=\"47066d0b\" data-element_type=\"container\" data-e-type=\"container\">\n\t\t\t\t<\/div>\n\t\t<div data-particle_enable=\"false\" data-particle-mobile-disabled=\"false\" class=\"elementor-element elementor-element-38a28d41 e-con-full e-flex e-con e-child\" data-id=\"38a28d41\" data-element_type=\"container\" data-e-type=\"container\">\n\t\t\t\t<div class=\"elementor-element elementor-element-6afe5fec elementor-widget elementor-widget-text-editor\" data-id=\"6afe5fec\" data-element_type=\"widget\" data-e-type=\"widget\" data-widget_type=\"text-editor.default\">\n\t\t\t\t<div class=\"elementor-widget-container\">\n\t\t\t\t\t\t\t\t\t<div class=\"elementor-element elementor-element-0849e51 e-con-full e-flex e-con e-child\" data-id=\"0849e51\" data-element_type=\"container\"><div class=\"elementor-element elementor-element-663c27c elementor-widget elementor-widget-text-editor\" data-id=\"663c27c\" data-element_type=\"widget\" data-widget_type=\"text-editor.default\"><div class=\"elementor-widget-container\"><p>\u00daltima actualizaci\u00f3n: Octubre 9 de 2023<\/p><p>Por favor lee estos T\u00e9rminos y Condiciones (\u201cT\u00e9rminos\u201d, \u201cT\u00e9rminos y Condiciones\u201d) y nuestra Pol\u00edtica de Privacidad cuidadosamente antes de usar el sitio web https:\/\/www.desire-experience.com\/ (el \u201cServicio\u201d) operado por <strong>PH Original, S.A. de C.V. y Operadora Desire, SAPI de C.V.<\/strong> (\u201cnosotros\u201d, \u201cnos\u201d o \u201cnuestro\u201d).<\/p><p>Tu acceso y uso del Servicio est\u00e1 condicionado a la aceptaci\u00f3n y cumplimiento de estas Condiciones. Estos T\u00e9rminos se aplican a todos los visitantes, usuarios y otras personas que acceden o utilizan el Servicio.<\/p><p>Al acceder o utilizar el Servicio, aceptas estos T\u00e9rminos. Si no est\u00e1s de acuerdo con alguna parte de los T\u00e9rminos, no utilices el Servicio.<\/p><p><strong>Compras<\/strong><\/p><p>Si deseas adquirir cualquier producto o servicio disponible a trav\u00e9s del Servicio (\u201cCompra\u201d), se te puede pedir que proporciones cierta informaci\u00f3n relevante para tu Compra, incluyendo, sin limitaci\u00f3n a, el n\u00famero de tu tarjeta de cr\u00e9dito, la fecha de vencimiento de tu tarjeta de cr\u00e9dito, tu direcci\u00f3n de facturaci\u00f3n y tu informaci\u00f3n de env\u00edo.<\/p><p>Declaras y garantizas que: (i) tienes el derecho legal de utilizar cualquier tarjeta de cr\u00e9dito u otro m\u00e9todo de pago en relaci\u00f3n con cualquier Compra; y que (ii) la informaci\u00f3n que nos proporcionas es verdadera, correcta y completa.<\/p><p>Al enviar dicha informaci\u00f3n, nos concedes el derecho de proporcionar la informaci\u00f3n a terceros con el fin de facilitar la realizaci\u00f3n de las Compras.<\/p><p><strong>Disponibilidad, errores e inexactitudes<\/strong><\/p><p>Estamos constantemente actualizando nuestras ofertas de productos y servicios en el Servicio. Los productos o servicios disponibles en nuestro Servicio pueden tener un precio diferente, estar descritos de forma inexacta o no estar disponibles, y es posible que experimentemos retrasos en la actualizaci\u00f3n de la informaci\u00f3n del Servicio y en nuestra publicidad en otros sitios web.<\/p><p>No podemos y no garantizamos la exactitud o integridad de ninguna informaci\u00f3n, incluyendo precios, im\u00e1genes de productos, especificaciones, disponibilidad y servicios. Nos reservamos el derecho de cambiar o actualizar la informaci\u00f3n y de corregir errores, inexactitudes u omisiones en cualquier momento sin previo aviso.<\/p><p><strong>Propiedad intelectual<\/strong><\/p><p>El Servicio y su contenido original, caracter\u00edsticas y funcionalidad son y seguir\u00e1n siendo propiedad exclusiva de <strong>PH Original, S.A. de C.V. y Operadora Desire, SAPI de C.V.<\/strong> y sus licenciantes. El Servicio est\u00e1 protegido por las leyes de derechos de autor, marcas registradas y otras leyes tanto de M\u00e9xico como de otros pa\u00edses. Nuestras marcas registradas e imagen comercial no pueden ser utilizadas en conexi\u00f3n con ning\u00fan producto o servicio sin el consentimiento previo por escrito de <strong>PH Original, S.A. de C.V. y Operadora Desire, SAPI de C.V.<\/strong><\/p><p><strong>Enlaces a otros sitios web<\/strong><\/p><p>Nuestro Servicio puede contener enlaces a sitios web o servicios de terceros que no son propiedad o est\u00e1n controlados por <strong>PH Original, S.A. de C.V. y Operadora Desire, SAPI de C.V.<\/strong><\/p><p><strong>PH Original, S.A. de C.V. y Operadora Desire, SAPI de C.V.<\/strong> no tienen control sobre, y no asumen ninguna responsabilidad por, el contenido, las pol\u00edticas de privacidad o las pr\u00e1cticas de cualquier sitio web o servicio de terceros. Adem\u00e1s, reconoces y aceptas que <strong>PH Original, S.A. de C.V. y Operadora Desire, SAPI de C.V.<\/strong> no ser\u00e1n responsables, directa o indirectamente, por cualquier da\u00f1o o p\u00e9rdida causada o supuestamente causada por o en conexi\u00f3n con el uso o la confianza en cualquiera de dichos contenidos, bienes o servicios disponibles en o a trav\u00e9s de cualquiera de dichos sitios web o servicios.<\/p><p>Te recomendamos encarecidamente que leas los t\u00e9rminos y condiciones y las pol\u00edticas de privacidad de cualquier sitio web o servicio de terceros que visites.<\/p><p><strong>Terminaci\u00f3n<\/strong><\/p><p>Podemos terminar o suspender tu acceso inmediatamente, sin previo aviso o responsabilidad, por cualquier raz\u00f3n, incluyendo y sin limitaci\u00f3n a, si violas los T\u00e9rminos.<\/p><p>Al momento de la terminaci\u00f3n, tu derecho a utilizar el Servicio cesar\u00e1 inmediatamente.<\/p><p><strong>Leyes vigentes<\/strong><\/p><p>Estos T\u00e9rminos se regir\u00e1n e interpretar\u00e1n en conformidad con las leyes de M\u00e9xico, sin tener en cuenta su conflicto de disposiciones legales.<\/p><p>El hecho de que no hagamos cumplir cualquier derecho o disposici\u00f3n de estos T\u00e9rminos no se considerar\u00e1 una renuncia a esos derechos. Si alguna disposici\u00f3n de estos T\u00e9rminos se considera inv\u00e1lida o inaplicable por un tribunal, las disposiciones restantes de estos T\u00e9rminos seguir\u00e1n en vigor. Estos T\u00e9rminos constituyen el acuerdo completo entre nosotros con respecto a nuestro Servicio, y sustituyen y reemplazan cualquier acuerdo previo que podamos tener entre nosotros con respecto al Servicio.<\/p><p><strong>Cambios<\/strong><\/p><p>Nos reservamos el derecho, a nuestra \u00fanica discreci\u00f3n, de modificar o reemplazar estos T\u00e9rminos en cualquier momento. Si una revisi\u00f3n es importante, intentaremos avisar al menos 30 d\u00edas antes de que los nuevos t\u00e9rminos entren en vigor. Lo que constituye un cambio material se determinar\u00e1 a nuestra \u00fanica discreci\u00f3n.<\/p><p>Al continuar accediendo o utilizando nuestro Servicio despu\u00e9s de que dichas revisiones entren en vigor, aceptas los t\u00e9rminos revisados. Si no est\u00e1s de acuerdo con los nuevos t\u00e9rminos, por favor deja de utilizar el Servicio.<\/p><p><strong>Cont\u00e1ctanos<\/strong><\/p><p>Si tienes alguna pregunta sobre estos T\u00e9rminos, por favor cont\u00e1ctanos.<\/p><\/div><\/div><\/div>\t\t\t\t\t\t\t\t<\/div>\n\t\t\t\t<\/div>\n\t\t\t\t<\/div>\n\t\t<div data-particle_enable=\"false\" data-particle-mobile-disabled=\"false\" class=\"elementor-element elementor-element-6fe26f7b e-con-full e-flex e-con e-child\" data-id=\"6fe26f7b\" data-element_type=\"container\" data-e-type=\"container\">\n\t\t\t\t<\/div>\n\t\t\t\t<\/div>\n\t\t\t\t<\/div>\n\t\t","protected":false},"excerpt":{"rendered":"<p>T\u00c9RMINOS Y CONDICIONES \u00daltima actualizaci\u00f3n: Octubre 9 de 2023 Por favor lee estos T\u00e9rminos y Condiciones (\u201cT\u00e9rminos\u201d, \u201cT\u00e9rminos y Condiciones\u201d) [&hellip;]<\/p>\n","protected":false},"author":1,"featured_media":0,"parent":0,"menu_order":0,"comment_status":"closed","ping_status":"closed","template":"","meta":{"_acf_changed":false,"site-sidebar-layout":"no-sidebar","site-content-layout":"","ast-site-content-layout":"full-width-container","site-content-style":"default","site-sidebar-style":"default","ast-global-header-display":"","ast-banner-title-visibility":"","ast-main-header-display":"","ast-hfb-above-header-display":"","ast-hfb-below-header-display":"","ast-hfb-mobile-header-display":"","site-post-title":"disabled","ast-breadcrumbs-content":"","ast-featured-img":"disabled","footer-sml-layout":"","ast-disable-related-posts":"","theme-transparent-header-meta":"","adv-header-id-meta":"","stick-header-meta":"","header-above-stick-meta":"","header-main-stick-meta":"","header-below-stick-meta":"","astra-migrate-meta-layouts":"default","ast-page-background-enabled":"default","ast-page-background-meta":{"desktop":{"background-color":"var(--ast-global-color-4)","background-image":"","background-repeat":"repeat","background-position":"center center","background-size":"auto","background-attachment":"scroll","background-type":"","background-media":"","overlay-type":"","overlay-color":"","overlay-opacity":"","overlay-gradient":""},"tablet":{"background-color":"","background-image":"","background-repeat":"repeat","background-position":"center center","background-size":"auto","background-attachment":"scroll","background-type":"","background-media":"","overlay-type":"","overlay-color":"","overlay-opacity":"","overlay-gradient":""},"mobile":{"background-color":"","background-image":"","background-repeat":"repeat","background-position":"center center","background-size":"auto","background-attachment":"scroll","background-type":"","background-media":"","overlay-type":"","overlay-color":"","overlay-opacity":"","overlay-gradient":""}},"ast-content-background-meta":{"desktop":{"background-color":"var(--ast-global-color-5)","background-image":"","background-repeat":"repeat","background-position":"center center","background-size":"auto","background-attachment":"scroll","background-type":"","background-media":"","overlay-type":"","overlay-color":"","overlay-opacity":"","overlay-gradient":""},"tablet":{"background-color":"var(--ast-global-color-5)","background-image":"","background-repeat":"repeat","background-position":"center center","background-size":"auto","background-attachment":"scroll","background-type":"","background-media":"","overlay-type":"","overlay-color":"","overlay-opacity":"","overlay-gradient":""},"mobile":{"background-color":"var(--ast-global-color-5)","background-image":"","background-repeat":"repeat","background-position":"center center","background-size":"auto","background-attachment":"scroll","background-type":"","background-media":"","overlay-type":"","overlay-color":"","overlay-opacity":"","overlay-gradient":""}},"footnotes":""},"categories":[35],"class_list":["post-499","page","type-page","status-publish","hentry","category-corp-page"],"acf":[],"publishpress_future_action":{"enabled":false,"date":"2026-05-19 17:29:21","action":"change-status","newStatus":"draft","terms":[],"taxonomy":"translation_priority","extraData":[]},"publishpress_future_workflow_manual_trigger":{"enabledWorkflows":[]},"_links":{"self":[{"href":"https:\/\/www.desire-experience.com\/es\/wp-json\/wp\/v2\/pages\/499","targetHints":{"allow":["GET"]}}],"collection":[{"href":"https:\/\/www.desire-experience.com\/es\/wp-json\/wp\/v2\/pages"}],"about":[{"href":"https:\/\/www.desire-experience.com\/es\/wp-json\/wp\/v2\/types\/page"}],"author":[{"embeddable":true,"href":"https:\/\/www.desire-experience.com\/es\/wp-json\/wp\/v2\/users\/1"}],"replies":[{"embeddable":true,"href":"https:\/\/www.desire-experience.com\/es\/wp-json\/wp\/v2\/comments?post=499"}],"version-history":[{"count":0,"href":"https:\/\/www.desire-experience.com\/es\/wp-json\/wp\/v2\/pages\/499\/revisions"}],"wp:attachment":[{"href":"https:\/\/www.desire-experience.com\/es\/wp-json\/wp\/v2\/media?parent=499"}],"wp:term":[{"taxonomy":"category","embeddable":true,"href":"https:\/\/www.desire-experience.com\/es\/wp-json\/wp\/v2\/categories?post=499"}],"curies":[{"name":"wp","href":"https:\/\/api.w.org\/{rel}","templated":true}]}}