{"id":500,"date":"2024-03-06T10:40:57","date_gmt":"2024-03-06T15:40:57","guid":{"rendered":"https:\/\/desire-experience.com\/politica-de-cookies\/"},"modified":"2024-04-24T16:51:20","modified_gmt":"2024-04-24T21:51:20","slug":"politica-de-cookies","status":"publish","type":"page","link":"https:\/\/www.desire-experience.com\/es\/politica-de-cookies\/","title":{"rendered":"Pol\u00edtica de Cookies"},"content":{"rendered":"\t\t<div data-elementor-type=\"wp-page\" data-elementor-id=\"500\" class=\"elementor elementor-500 elementor-494\" data-elementor-post-type=\"page\">\n\t\t\t\t<div data-particle_enable=\"false\" data-particle-mobile-disabled=\"false\" class=\"elementor-element elementor-element-4e9d0f56 e-flex e-con-boxed e-con e-parent\" data-id=\"4e9d0f56\" data-element_type=\"container\" data-e-type=\"container\">\n\t\t\t\t\t<div class=\"e-con-inner\">\n\t\t<div data-particle_enable=\"false\" data-particle-mobile-disabled=\"false\" class=\"elementor-element elementor-element-3c2a88f3 e-con-full e-flex e-con e-child\" data-id=\"3c2a88f3\" data-element_type=\"container\" data-e-type=\"container\">\n\t\t\t\t<\/div>\n\t\t<div data-particle_enable=\"false\" data-particle-mobile-disabled=\"false\" class=\"elementor-element elementor-element-7f911a70 e-con-full e-flex e-con e-child\" data-id=\"7f911a70\" data-element_type=\"container\" data-e-type=\"container\">\n\t\t\t\t<div class=\"elementor-element elementor-element-68ecb56f elementor-hidden-mobile elementor-widget elementor-widget-spacer\" data-id=\"68ecb56f\" data-element_type=\"widget\" data-e-type=\"widget\" data-widget_type=\"spacer.default\">\n\t\t\t\t<div class=\"elementor-widget-container\">\n\t\t\t\t\t\t\t<div class=\"elementor-spacer\">\n\t\t\t<div class=\"elementor-spacer-inner\"><\/div>\n\t\t<\/div>\n\t\t\t\t\t\t<\/div>\n\t\t\t\t<\/div>\n\t\t\t\t<\/div>\n\t\t<div data-particle_enable=\"false\" data-particle-mobile-disabled=\"false\" class=\"elementor-element elementor-element-5146de84 e-con-full e-flex e-con e-child\" data-id=\"5146de84\" data-element_type=\"container\" data-e-type=\"container\">\n\t\t\t\t<\/div>\n\t\t\t\t\t<\/div>\n\t\t\t\t<\/div>\n\t\t<div data-particle_enable=\"false\" data-particle-mobile-disabled=\"false\" class=\"elementor-element elementor-element-1dbb3507 e-flex e-con-boxed e-con e-parent\" data-id=\"1dbb3507\" data-element_type=\"container\" data-e-type=\"container\">\n\t\t\t\t\t<div class=\"e-con-inner\">\n\t\t\t\t<div class=\"elementor-element elementor-element-77a14d9e elementor-widget elementor-widget-text-editor\" data-id=\"77a14d9e\" data-element_type=\"widget\" data-e-type=\"widget\" data-widget_type=\"text-editor.default\">\n\t\t\t\t<div class=\"elementor-widget-container\">\n\t\t\t\t\t\t\t\t\t<h1 style=\"text-align: center;\">POL\u00cdTICA DE COOKIES<\/h1>\t\t\t\t\t\t\t\t<\/div>\n\t\t\t\t<\/div>\n\t\t\t\t\t<\/div>\n\t\t\t\t<\/div>\n\t\t<div data-particle_enable=\"false\" data-particle-mobile-disabled=\"false\" class=\"elementor-element elementor-element-77265257 e-con-full e-flex e-con e-parent\" data-id=\"77265257\" data-element_type=\"container\" data-e-type=\"container\">\n\t\t<div data-particle_enable=\"false\" data-particle-mobile-disabled=\"false\" class=\"elementor-element elementor-element-22d784ba e-con-full e-flex e-con e-child\" data-id=\"22d784ba\" data-element_type=\"container\" data-e-type=\"container\">\n\t\t\t\t<\/div>\n\t\t<div data-particle_enable=\"false\" data-particle-mobile-disabled=\"false\" class=\"elementor-element elementor-element-718479d3 e-con-full e-flex e-con e-child\" data-id=\"718479d3\" data-element_type=\"container\" data-e-type=\"container\">\n\t\t\t\t<div class=\"elementor-element elementor-element-423bf4a elementor-widget elementor-widget-text-editor\" data-id=\"423bf4a\" data-element_type=\"widget\" data-e-type=\"widget\" data-widget_type=\"text-editor.default\">\n\t\t\t\t<div class=\"elementor-widget-container\">\n\t\t\t\t\t\t\t\t\t<div class=\"elementor-element elementor-element-e71c048 e-con-full e-flex e-con e-child\" data-id=\"e71c048\" data-element_type=\"container\"><div class=\"elementor-element elementor-element-79e4465 elementor-widget elementor-widget-text-editor\" data-id=\"79e4465\" data-element_type=\"widget\" data-widget_type=\"text-editor.default\"><div class=\"elementor-widget-container\"><p style=\"text-align: justify;\">El acceso a la Web puede implicar el uso de cookies, aunque la p\u00e1gina puede funcionar sin su uso. Las cookies son archivos peque\u00f1os que almacenan informaci\u00f3n en el navegador de cada usuario de modo que el servidor pueda reconocer cierta informaci\u00f3n que solamente el servidor pueda leer. Las cookies duran un tiempo limitado. Ninguna cookie permite revelar cualquier tel\u00e9fono, correo electr\u00f3nico u otros detalles de identificaci\u00f3n. Las cookies no pueden extraer ninguna informaci\u00f3n del disco duro del usuario u obtener informaci\u00f3n personal sobre el mismo. La \u00fanica manera que la informaci\u00f3n personal de un usuario puede formar parte de un archivo de la cookie es si el usuario personalmente da esta informaci\u00f3n al servidor. Aunque las cookies nos ayudan a optimizar su proceso de reserva, los usuarios que no deseen recibir las cookies o que no quieran que se informe de su visita, pueden configurar su navegador a tal efecto. Todos los navegadores de Internet tienen opciones disponibles en su configuraci\u00f3n que permiten bloquear o permitir las cookies de sitios web concretos.<br \/>Nuestra p\u00e1gina y e-mails con formato HTML pueden utilizar balizas y\/o cookies para realizar estad\u00edsticas acerca del uso de nuestra p\u00e1gina web. Una baliza web es una imagen colocada en el mensaje para informarnos de la visualizaci\u00f3n de dicho mensaje, con el \u00fanico objetivo de realizar estad\u00edsticas de uso.<\/p><p style=\"text-align: center;\">Para m\u00e1s informaci\u00f3n sobre como bloquear el uso de las cookies a trav\u00e9s del navegador Chrome pulse\u00a0<a href=\"https:\/\/support.google.com\/chrome\/answer\/95647?hl=es&amp;co=GENIE.Platform=Desktop\" target=\"_blank\" rel=\"noopener nofollow\">aqu\u00ed<\/a><\/p><p style=\"text-align: center;\">Para m\u00e1s informaci\u00f3n sobre como bloquear el uso de las cookies a trav\u00e9s del navegador Explorer pulse\u00a0<a href=\"https:\/\/support.microsoft.com\/es-es\/help\/17442\/windows-internet-explorer-delete-manage-cookies\" target=\"_blank\" rel=\"noopener nofollow\">aqu\u00ed<\/a><\/p><p style=\"text-align: center;\">Para m\u00e1s informaci\u00f3n sobre como bloquear el uso de las cookies a trav\u00e9s del navegador Firefox pulse\u00a0<a href=\"https:\/\/support.mozilla.org\/es\/kb\/habilitar-y-deshabilitar-cookies-sitios-web-rastrear-preferencias?redirectlocale=es&amp;redirectslug=habilitar-y-deshabilitar-cookies-que-los-sitios-we\" target=\"_blank\" rel=\"noopener nofollow\">aqu\u00ed<\/a><\/p><p style=\"text-align: center;\">Para m\u00e1s informaci\u00f3n sobre como bloquear el uso de las cookies a trav\u00e9s del navegador Safari pulse\u00a0<a href=\"https:\/\/support.apple.com\/kb\/ph5042?locale=es_LA\" target=\"_blank\" rel=\"noopener nofollow\">aqu\u00ed<\/a><\/p><\/div><\/div><\/div>\t\t\t\t\t\t\t\t<\/div>\n\t\t\t\t<\/div>\n\t\t\t\t<\/div>\n\t\t<div data-particle_enable=\"false\" data-particle-mobile-disabled=\"false\" class=\"elementor-element elementor-element-67671279 e-con-full e-flex e-con e-child\" data-id=\"67671279\" data-element_type=\"container\" data-e-type=\"container\">\n\t\t\t\t<\/div>\n\t\t\t\t<\/div>\n\t\t\t\t<\/div>\n\t\t","protected":false},"excerpt":{"rendered":"<p>POL\u00cdTICA DE COOKIES El acceso a la Web puede implicar el uso de cookies, aunque la p\u00e1gina puede funcionar sin [&hellip;]<\/p>\n","protected":false},"author":1,"featured_media":0,"parent":0,"menu_order":0,"comment_status":"closed","ping_status":"closed","template":"","meta":{"_acf_changed":false,"site-sidebar-layout":"no-sidebar","site-content-layout":"","ast-site-content-layout":"full-width-container","site-content-style":"default","site-sidebar-style":"default","ast-global-header-display":"","ast-banner-title-visibility":"","ast-main-header-display":"","ast-hfb-above-header-display":"","ast-hfb-below-header-display":"","ast-hfb-mobile-header-display":"","site-post-title":"disabled","ast-breadcrumbs-content":"","ast-featured-img":"disabled","footer-sml-layout":"","ast-disable-related-posts":"","theme-transparent-header-meta":"","adv-header-id-meta":"","stick-header-meta":"","header-above-stick-meta":"","header-main-stick-meta":"","header-below-stick-meta":"","astra-migrate-meta-layouts":"default","ast-page-background-enabled":"default","ast-page-background-meta":{"desktop":{"background-color":"var(--ast-global-color-4)","background-image":"","background-repeat":"repeat","background-position":"center center","background-size":"auto","background-attachment":"scroll","background-type":"","background-media":"","overlay-type":"","overlay-color":"","overlay-opacity":"","overlay-gradient":""},"tablet":{"background-color":"","background-image":"","background-repeat":"repeat","background-position":"center center","background-size":"auto","background-attachment":"scroll","background-type":"","background-media":"","overlay-type":"","overlay-color":"","overlay-opacity":"","overlay-gradient":""},"mobile":{"background-color":"","background-image":"","background-repeat":"repeat","background-position":"center center","background-size":"auto","background-attachment":"scroll","background-type":"","background-media":"","overlay-type":"","overlay-color":"","overlay-opacity":"","overlay-gradient":""}},"ast-content-background-meta":{"desktop":{"background-color":"var(--ast-global-color-5)","background-image":"","background-repeat":"repeat","background-position":"center center","background-size":"auto","background-attachment":"scroll","background-type":"","background-media":"","overlay-type":"","overlay-color":"","overlay-opacity":"","overlay-gradient":""},"tablet":{"background-color":"var(--ast-global-color-5)","background-image":"","background-repeat":"repeat","background-position":"center center","background-size":"auto","background-attachment":"scroll","background-type":"","background-media":"","overlay-type":"","overlay-color":"","overlay-opacity":"","overlay-gradient":""},"mobile":{"background-color":"var(--ast-global-color-5)","background-image":"","background-repeat":"repeat","background-position":"center center","background-size":"auto","background-attachment":"scroll","background-type":"","background-media":"","overlay-type":"","overlay-color":"","overlay-opacity":"","overlay-gradient":""}},"footnotes":""},"categories":[35],"class_list":["post-500","page","type-page","status-publish","hentry","category-corp-page"],"acf":[],"publishpress_future_action":{"enabled":false,"date":"2026-04-15 05:52:13","action":"change-status","newStatus":"draft","terms":[],"taxonomy":"translation_priority","extraData":[]},"publishpress_future_workflow_manual_trigger":{"enabledWorkflows":[]},"_links":{"self":[{"href":"https:\/\/www.desire-experience.com\/es\/wp-json\/wp\/v2\/pages\/500","targetHints":{"allow":["GET"]}}],"collection":[{"href":"https:\/\/www.desire-experience.com\/es\/wp-json\/wp\/v2\/pages"}],"about":[{"href":"https:\/\/www.desire-experience.com\/es\/wp-json\/wp\/v2\/types\/page"}],"author":[{"embeddable":true,"href":"https:\/\/www.desire-experience.com\/es\/wp-json\/wp\/v2\/users\/1"}],"replies":[{"embeddable":true,"href":"https:\/\/www.desire-experience.com\/es\/wp-json\/wp\/v2\/comments?post=500"}],"version-history":[{"count":0,"href":"https:\/\/www.desire-experience.com\/es\/wp-json\/wp\/v2\/pages\/500\/revisions"}],"wp:attachment":[{"href":"https:\/\/www.desire-experience.com\/es\/wp-json\/wp\/v2\/media?parent=500"}],"wp:term":[{"taxonomy":"category","embeddable":true,"href":"https:\/\/www.desire-experience.com\/es\/wp-json\/wp\/v2\/categories?post=500"}],"curies":[{"name":"wp","href":"https:\/\/api.w.org\/{rel}","templated":true}]}}